{"id":841,"date":"2021-11-01T09:26:27","date_gmt":"2021-11-01T09:26:27","guid":{"rendered":"https:\/\/www.soadoctor.eu\/privacy-policy\/"},"modified":"2022-06-02T09:36:24","modified_gmt":"2022-06-02T07:36:24","slug":"privacy-policy","status":"publish","type":"page","link":"https:\/\/www.soamed.eu\/en\/privacy-policy\/","title":{"rendered":"Politika zasebnosti"},"content":{"rendered":"\n<p><\/p>\n\n\n\n<p>Kmalu&#8230;<\/p>\n","protected":false},"excerpt":{"rendered":"<p>Kmalu&#8230;<\/p>\n","protected":false},"author":1,"featured_media":667,"parent":0,"menu_order":0,"comment_status":"closed","ping_status":"open","template":"","meta":{"inline_featured_image":false,"_genesis_hide_title":false,"_genesis_hide_breadcrumbs":false,"_genesis_hide_singular_image":false,"_genesis_hide_footer_widgets":false,"_genesis_custom_body_class":"","_genesis_custom_post_class":"","_genesis_layout":"","footnotes":""},"class_list":{"0":"post-841","1":"page","2":"type-page","3":"status-publish","4":"has-post-thumbnail","6":"entry"},"yoast_head":"<!-- This site is optimized with the Yoast SEO plugin v23.3 - https:\/\/yoast.com\/wordpress\/plugins\/seo\/ -->\n<title>Politika zasebnosti - SOAMED<\/title>\n<meta name=\"description\" content=\"Digitalizacija v zdravstvu je klju\u010d do u\u010dinkovitej\u0161ih, dostopnej\u0161ih in kakovostnej\u0161ih storitev za vse. Z inovativnimi re\u0161itvami izbolj\u0161ajmo izku\u0161nje tako pacientov kot zdravstvenih delavcev ter omogo\u010dimo bolj\u0161e in bolj osredoto\u010deno zdravstveno oskrbo.\" \/>\n<meta name=\"robots\" content=\"index, follow, max-snippet:-1, max-image-preview:large, max-video-preview:-1\" \/>\n<link rel=\"canonical\" href=\"https:\/\/www.soamed.eu\/en\/privacy-policy\/\" \/>\n<meta property=\"og:locale\" content=\"en_US\" \/>\n<meta property=\"og:type\" content=\"article\" \/>\n<meta property=\"og:title\" content=\"Politika zasebnosti - SOAMED\" \/>\n<meta property=\"og:description\" content=\"Digitalizacija v zdravstvu je klju\u010d do u\u010dinkovitej\u0161ih, dostopnej\u0161ih in kakovostnej\u0161ih storitev za vse. Z inovativnimi re\u0161itvami izbolj\u0161ajmo izku\u0161nje tako pacientov kot zdravstvenih delavcev ter omogo\u010dimo bolj\u0161e in bolj osredoto\u010deno zdravstveno oskrbo.\" \/>\n<meta property=\"og:url\" content=\"https:\/\/www.soamed.eu\/en\/privacy-policy\/\" \/>\n<meta property=\"og:site_name\" content=\"SOAMED\" \/>\n<meta property=\"article:modified_time\" content=\"2022-06-02T07:36:24+00:00\" \/>\n<meta property=\"og:image\" content=\"https:\/\/www.soamed.eu\/wp-content\/uploads\/2021\/12\/medicina.jpeg\" \/>\n\t<meta property=\"og:image:width\" content=\"2000\" \/>\n\t<meta property=\"og:image:height\" content=\"1108\" \/>\n\t<meta property=\"og:image:type\" content=\"image\/jpeg\" \/>\n<meta name=\"twitter:card\" content=\"summary_large_image\" \/>\n<meta name=\"twitter:label1\" content=\"Est. reading time\" \/>\n\t<meta name=\"twitter:data1\" content=\"3 minutes\" \/>\n<script type=\"application\/ld+json\" class=\"yoast-schema-graph\">{\"@context\":\"https:\/\/schema.org\",\"@graph\":[{\"@type\":\"WebPage\",\"@id\":\"https:\/\/www.soamed.eu\/en\/privacy-policy\/\",\"url\":\"https:\/\/www.soamed.eu\/en\/privacy-policy\/\",\"name\":\"Politika zasebnosti - SOAMED\",\"isPartOf\":{\"@id\":\"https:\/\/www.soamed.eu\/en\/#website\"},\"primaryImageOfPage\":{\"@id\":\"https:\/\/www.soamed.eu\/en\/privacy-policy\/#primaryimage\"},\"image\":{\"@id\":\"https:\/\/www.soamed.eu\/en\/privacy-policy\/#primaryimage\"},\"thumbnailUrl\":\"https:\/\/www.soamed.eu\/wp-content\/uploads\/2021\/12\/medicina.jpeg\",\"datePublished\":\"2021-11-01T09:26:27+00:00\",\"dateModified\":\"2022-06-02T07:36:24+00:00\",\"description\":\"Digitalizacija v zdravstvu je klju\u010d do u\u010dinkovitej\u0161ih, dostopnej\u0161ih in kakovostnej\u0161ih storitev za vse. Z inovativnimi re\u0161itvami izbolj\u0161ajmo izku\u0161nje tako pacientov kot zdravstvenih delavcev ter omogo\u010dimo bolj\u0161e in bolj osredoto\u010deno zdravstveno oskrbo.\",\"breadcrumb\":{\"@id\":\"https:\/\/www.soamed.eu\/en\/privacy-policy\/#breadcrumb\"},\"inLanguage\":\"en-US\",\"potentialAction\":[{\"@type\":\"ReadAction\",\"target\":[\"https:\/\/www.soamed.eu\/en\/privacy-policy\/\"]}]},{\"@type\":\"ImageObject\",\"inLanguage\":\"en-US\",\"@id\":\"https:\/\/www.soamed.eu\/en\/privacy-policy\/#primaryimage\",\"url\":\"https:\/\/www.soamed.eu\/wp-content\/uploads\/2021\/12\/medicina.jpeg\",\"contentUrl\":\"https:\/\/www.soamed.eu\/wp-content\/uploads\/2021\/12\/medicina.jpeg\",\"width\":2000,\"height\":1108,\"caption\":\"SOADOC\"},{\"@type\":\"BreadcrumbList\",\"@id\":\"https:\/\/www.soamed.eu\/en\/privacy-policy\/#breadcrumb\",\"itemListElement\":[{\"@type\":\"ListItem\",\"position\":1,\"name\":\"Domov\",\"item\":\"https:\/\/www.soamed.eu\/en\/\"},{\"@type\":\"ListItem\",\"position\":2,\"name\":\"Politika zasebnosti\"}]},{\"@type\":\"WebSite\",\"@id\":\"https:\/\/www.soamed.eu\/en\/#website\",\"url\":\"https:\/\/www.soamed.eu\/en\/\",\"name\":\"SOAMED\",\"description\":\"Digitalizacija v zdravstvu je klju\u010d do u\u010dinkovitej\u0161ih, dostopnej\u0161ih in kakovostnej\u0161ih storitev za vse. Z inovativnimi re\u0161itvami izbolj\u0161ajmo izku\u0161nje tako pacientov kot zdravstvenih delavcev ter omogo\u010dimo bolj\u0161e in bolj osredoto\u010deno zdravstveno oskrbo.\",\"publisher\":{\"@id\":\"https:\/\/www.soamed.eu\/en\/#organization\"},\"potentialAction\":[{\"@type\":\"SearchAction\",\"target\":{\"@type\":\"EntryPoint\",\"urlTemplate\":\"https:\/\/www.soamed.eu\/en\/?s={search_term_string}\"},\"query-input\":\"required name=search_term_string\"}],\"inLanguage\":\"en-US\"},{\"@type\":\"Organization\",\"@id\":\"https:\/\/www.soamed.eu\/en\/#organization\",\"name\":\"SOADOCTOR\",\"url\":\"https:\/\/www.soamed.eu\/en\/\",\"logo\":{\"@type\":\"ImageObject\",\"inLanguage\":\"en-US\",\"@id\":\"https:\/\/www.soamed.eu\/en\/#\/schema\/logo\/image\/\",\"url\":\"https:\/\/www.soamed.eu\/wp-content\/uploads\/2021\/11\/cgp_soadoctor-slogan.svg\",\"contentUrl\":\"https:\/\/www.soamed.eu\/wp-content\/uploads\/2021\/11\/cgp_soadoctor-slogan.svg\",\"width\":\"1024\",\"height\":\"1024\",\"caption\":\"SOADOCTOR\"},\"image\":{\"@id\":\"https:\/\/www.soamed.eu\/en\/#\/schema\/logo\/image\/\"}}]}<\/script>\n<!-- \/ Yoast SEO plugin. -->","yoast_head_json":{"title":"Politika zasebnosti - SOAMED","description":"Digitalizacija v zdravstvu je klju\u010d do u\u010dinkovitej\u0161ih, dostopnej\u0161ih in kakovostnej\u0161ih storitev za vse. Z inovativnimi re\u0161itvami izbolj\u0161ajmo izku\u0161nje tako pacientov kot zdravstvenih delavcev ter omogo\u010dimo bolj\u0161e in bolj osredoto\u010deno zdravstveno oskrbo.","robots":{"index":"index","follow":"follow","max-snippet":"max-snippet:-1","max-image-preview":"max-image-preview:large","max-video-preview":"max-video-preview:-1"},"canonical":"https:\/\/www.soamed.eu\/en\/privacy-policy\/","og_locale":"en_US","og_type":"article","og_title":"Politika zasebnosti - SOAMED","og_description":"Digitalizacija v zdravstvu je klju\u010d do u\u010dinkovitej\u0161ih, dostopnej\u0161ih in kakovostnej\u0161ih storitev za vse. Z inovativnimi re\u0161itvami izbolj\u0161ajmo izku\u0161nje tako pacientov kot zdravstvenih delavcev ter omogo\u010dimo bolj\u0161e in bolj osredoto\u010deno zdravstveno oskrbo.","og_url":"https:\/\/www.soamed.eu\/en\/privacy-policy\/","og_site_name":"SOAMED","article_modified_time":"2022-06-02T07:36:24+00:00","og_image":[{"width":2000,"height":1108,"url":"https:\/\/www.soamed.eu\/wp-content\/uploads\/2021\/12\/medicina.jpeg","type":"image\/jpeg"}],"twitter_card":"summary_large_image","twitter_misc":{"Est. reading time":"3 minutes"},"schema":{"@context":"https:\/\/schema.org","@graph":[{"@type":"WebPage","@id":"https:\/\/www.soamed.eu\/en\/privacy-policy\/","url":"https:\/\/www.soamed.eu\/en\/privacy-policy\/","name":"Politika zasebnosti - SOAMED","isPartOf":{"@id":"https:\/\/www.soamed.eu\/en\/#website"},"primaryImageOfPage":{"@id":"https:\/\/www.soamed.eu\/en\/privacy-policy\/#primaryimage"},"image":{"@id":"https:\/\/www.soamed.eu\/en\/privacy-policy\/#primaryimage"},"thumbnailUrl":"https:\/\/www.soamed.eu\/wp-content\/uploads\/2021\/12\/medicina.jpeg","datePublished":"2021-11-01T09:26:27+00:00","dateModified":"2022-06-02T07:36:24+00:00","description":"Digitalizacija v zdravstvu je klju\u010d do u\u010dinkovitej\u0161ih, dostopnej\u0161ih in kakovostnej\u0161ih storitev za vse. Z inovativnimi re\u0161itvami izbolj\u0161ajmo izku\u0161nje tako pacientov kot zdravstvenih delavcev ter omogo\u010dimo bolj\u0161e in bolj osredoto\u010deno zdravstveno oskrbo.","breadcrumb":{"@id":"https:\/\/www.soamed.eu\/en\/privacy-policy\/#breadcrumb"},"inLanguage":"en-US","potentialAction":[{"@type":"ReadAction","target":["https:\/\/www.soamed.eu\/en\/privacy-policy\/"]}]},{"@type":"ImageObject","inLanguage":"en-US","@id":"https:\/\/www.soamed.eu\/en\/privacy-policy\/#primaryimage","url":"https:\/\/www.soamed.eu\/wp-content\/uploads\/2021\/12\/medicina.jpeg","contentUrl":"https:\/\/www.soamed.eu\/wp-content\/uploads\/2021\/12\/medicina.jpeg","width":2000,"height":1108,"caption":"SOADOC"},{"@type":"BreadcrumbList","@id":"https:\/\/www.soamed.eu\/en\/privacy-policy\/#breadcrumb","itemListElement":[{"@type":"ListItem","position":1,"name":"Domov","item":"https:\/\/www.soamed.eu\/en\/"},{"@type":"ListItem","position":2,"name":"Politika zasebnosti"}]},{"@type":"WebSite","@id":"https:\/\/www.soamed.eu\/en\/#website","url":"https:\/\/www.soamed.eu\/en\/","name":"SOAMED","description":"Digitalizacija v zdravstvu je klju\u010d do u\u010dinkovitej\u0161ih, dostopnej\u0161ih in kakovostnej\u0161ih storitev za vse. Z inovativnimi re\u0161itvami izbolj\u0161ajmo izku\u0161nje tako pacientov kot zdravstvenih delavcev ter omogo\u010dimo bolj\u0161e in bolj osredoto\u010deno zdravstveno oskrbo.","publisher":{"@id":"https:\/\/www.soamed.eu\/en\/#organization"},"potentialAction":[{"@type":"SearchAction","target":{"@type":"EntryPoint","urlTemplate":"https:\/\/www.soamed.eu\/en\/?s={search_term_string}"},"query-input":"required name=search_term_string"}],"inLanguage":"en-US"},{"@type":"Organization","@id":"https:\/\/www.soamed.eu\/en\/#organization","name":"SOADOCTOR","url":"https:\/\/www.soamed.eu\/en\/","logo":{"@type":"ImageObject","inLanguage":"en-US","@id":"https:\/\/www.soamed.eu\/en\/#\/schema\/logo\/image\/","url":"https:\/\/www.soamed.eu\/wp-content\/uploads\/2021\/11\/cgp_soadoctor-slogan.svg","contentUrl":"https:\/\/www.soamed.eu\/wp-content\/uploads\/2021\/11\/cgp_soadoctor-slogan.svg","width":"1024","height":"1024","caption":"SOADOCTOR"},"image":{"@id":"https:\/\/www.soamed.eu\/en\/#\/schema\/logo\/image\/"}}]}},"featured_image_src":"https:\/\/www.soamed.eu\/wp-content\/uploads\/2021\/12\/medicina-600x400.jpeg","featured_image_src_square":"https:\/\/www.soamed.eu\/wp-content\/uploads\/2021\/12\/medicina-600x600.jpeg","_links":{"self":[{"href":"https:\/\/www.soamed.eu\/en\/wp-json\/wp\/v2\/pages\/841"}],"collection":[{"href":"https:\/\/www.soamed.eu\/en\/wp-json\/wp\/v2\/pages"}],"about":[{"href":"https:\/\/www.soamed.eu\/en\/wp-json\/wp\/v2\/types\/page"}],"author":[{"embeddable":true,"href":"https:\/\/www.soamed.eu\/en\/wp-json\/wp\/v2\/users\/1"}],"replies":[{"embeddable":true,"href":"https:\/\/www.soamed.eu\/en\/wp-json\/wp\/v2\/comments?post=841"}],"version-history":[{"count":1,"href":"https:\/\/www.soamed.eu\/en\/wp-json\/wp\/v2\/pages\/841\/revisions"}],"predecessor-version":[{"id":1155,"href":"https:\/\/www.soamed.eu\/en\/wp-json\/wp\/v2\/pages\/841\/revisions\/1155"}],"wp:featuredmedia":[{"embeddable":true,"href":"https:\/\/www.soamed.eu\/en\/wp-json\/wp\/v2\/media\/667"}],"wp:attachment":[{"href":"https:\/\/www.soamed.eu\/en\/wp-json\/wp\/v2\/media?parent=841"}],"curies":[{"name":"wp","href":"https:\/\/api.w.org\/{rel}","templated":true}]}}