{"id":839,"date":"2021-11-17T15:01:13","date_gmt":"2021-11-17T14:01:13","guid":{"rendered":"https:\/\/www.soadoctor.eu\/o-podjetju\/"},"modified":"2022-06-02T16:06:07","modified_gmt":"2022-06-02T14:06:07","slug":"o-podjetju","status":"publish","type":"page","link":"https:\/\/www.soamed.eu\/en\/o-podjetju\/","title":{"rendered":"O podjetju"},"content":{"rendered":"\n<div class=\"wp-block-genesis-blocks-gb-container alignfull orodje gb-block-container\"><div class=\"gb-container-inside\"><div class=\"gb-container-content\">\n<div class=\"wp-block-cover alignfull is-light\" style=\"min-height:70vh;aspect-ratio:unset;\"><span aria-hidden=\"true\" class=\"wp-block-cover__background has-background-dim-0 has-background-dim\" style=\"background-color:#ffffff\"><\/span><img loading=\"lazy\" decoding=\"async\" width=\"1500\" height=\"642\" class=\"wp-block-cover__image-background wp-image-571\" alt=\"\" src=\"https:\/\/www.soadoctor.eu\/wp-content\/uploads\/2021\/12\/soamed-o-podjetju.jpeg\" data-object-fit=\"cover\" srcset=\"https:\/\/www.soamed.eu\/wp-content\/uploads\/2021\/12\/soamed-o-podjetju.jpeg 1500w, https:\/\/www.soamed.eu\/wp-content\/uploads\/2021\/12\/soamed-o-podjetju-300x128.jpeg 300w, https:\/\/www.soamed.eu\/wp-content\/uploads\/2021\/12\/soamed-o-podjetju-1024x438.jpeg 1024w, https:\/\/www.soamed.eu\/wp-content\/uploads\/2021\/12\/soamed-o-podjetju-768x329.jpeg 768w\" sizes=\"(max-width: 1500px) 100vw, 1500px\" \/><div class=\"wp-block-cover__inner-container is-layout-flow wp-block-cover-is-layout-flow\">\n<div class=\"wp-block-genesis-blocks-gb-columns slidefromright gb-layout-columns-2 gb-2-col-wideleft alignfull\"><div class=\"gb-layout-column-wrap gb-block-layout-column-gap-0 gb-is-responsive-column\">\n<div class=\"wp-block-genesis-blocks-gb-column gb-block-layout-column\"><div class=\"gb-block-layout-column-inner\">\n<p><\/p>\n\n\n\n<h1 class=\"has-text-align-left xl has-theme-primary-color has-text-color wp-block-heading\">O podjetju SOAMED<\/h1>\n\n\n\n<blockquote class=\"wp-block-quote citatblue is-style-large is-layout-flow wp-block-quote-is-layout-flow\"><p>\u00bb\u017divimo na \u010dudovitem planetu, ki nas osre\u010duje in veliko daje, vendar le, \u010de smo zdravi. Na\u0161e poslanstvo je, da prispevamo del\u010dek v mozaiku za izbolj\u0161anje zdravja ljudi. Razmi\u0161ljamo pozitivno in se veselimo jutri\u0161njega dne.\u00ab<\/p><cite>Davorin Gec, direktor<\/cite><\/blockquote>\n<\/div><\/div>\n\n\n\n<div class=\"wp-block-genesis-blocks-gb-column ekran gb-block-layout-column\"><div class=\"gb-block-layout-column-inner\">\n<p><\/p>\n<\/div><\/div>\n<\/div><\/div>\n<\/div><\/div>\n<\/div><\/div><\/div>\n\n\n\n<div style=\"padding-bottom:20%;padding-top:20%;margin-bottom:20%\" class=\"wp-block-genesis-blocks-gb-container alignfull orodjevideo posevnoozadjekontra gb-block-container\"><div class=\"gb-container-inside\"><div class=\"gb-container-content\">\n<div class=\"wp-block-media-text alignfull is-stacked-on-mobile slidefromright\"><figure class=\"wp-block-media-text__media\"><img loading=\"lazy\" decoding=\"async\" width=\"1000\" height=\"563\" src=\"https:\/\/www.soadoctor.eu\/wp-content\/uploads\/2021\/12\/prijazno-podjetje.jpeg\" alt=\"SOAMED prijazno podjetje\" class=\"wp-image-568 size-full\" srcset=\"https:\/\/www.soamed.eu\/wp-content\/uploads\/2021\/12\/prijazno-podjetje.jpeg 1000w, https:\/\/www.soamed.eu\/wp-content\/uploads\/2021\/12\/prijazno-podjetje-300x169.jpeg 300w, https:\/\/www.soamed.eu\/wp-content\/uploads\/2021\/12\/prijazno-podjetje-768x432.jpeg 768w\" sizes=\"(max-width: 1000px) 100vw, 1000px\" \/><\/figure><div class=\"wp-block-media-text__content\">\n<h2 class=\"med wp-block-heading\">Prijazno podjetje<\/h2>\n\n\n\n<p id=\"block-299fb7fa-3748-4eea-bcd6-26e10632f9a3\">Zdru\u017eujemo ve\u010ddesetletne izku\u0161nje in mladostni\u0161ko strast. Pomembna nam je kultura in vrednote podjetja, kjer si \u017eelimo medsebojnega zaupanja, spo\u0161tovanja in dobrega po\u010dutja za vse. Omogo\u010damo ustvarjalno okolje, kjer lahko vsak izrazi in razvija svojo kreativnost.<\/p>\n<\/div><\/div>\n<\/div><\/div><\/div>\n\n\n\n<div class=\"wp-block-genesis-blocks-gb-container alignfull nomarginmob gb-block-container\"><div class=\"gb-container-inside\"><div class=\"gb-container-content\">\n<div class=\"wp-block-cover is-light\" style=\"min-height:70vh;aspect-ratio:unset;\"><span aria-hidden=\"true\" class=\"wp-block-cover__background has-background-dim-80 has-background-dim\" style=\"background-color:#f4f5f7\"><\/span><img loading=\"lazy\" decoding=\"async\" width=\"1500\" height=\"1000\" class=\"wp-block-cover__image-background wp-image-575\" alt=\"\" src=\"https:\/\/www.soadoctor.eu\/wp-content\/uploads\/2021\/12\/programska-oprema.jpeg\" data-object-fit=\"cover\" srcset=\"https:\/\/www.soamed.eu\/wp-content\/uploads\/2021\/12\/programska-oprema.jpeg 1500w, https:\/\/www.soamed.eu\/wp-content\/uploads\/2021\/12\/programska-oprema-300x200.jpeg 300w, https:\/\/www.soamed.eu\/wp-content\/uploads\/2021\/12\/programska-oprema-1024x683.jpeg 1024w, https:\/\/www.soamed.eu\/wp-content\/uploads\/2021\/12\/programska-oprema-768x512.jpeg 768w, https:\/\/www.soamed.eu\/wp-content\/uploads\/2021\/12\/programska-oprema-600x400.jpeg 600w\" sizes=\"(max-width: 1500px) 100vw, 1500px\" \/><div class=\"wp-block-cover__inner-container is-layout-flow wp-block-cover-is-layout-flow\">\n<div style=\"background-color:#ffffff;padding-left:5%;padding-right:5%;padding-bottom:5%;padding-top:5%;margin-top:5%;margin-bottom:5%\" class=\"wp-block-genesis-blocks-gb-container onasnapisnotranji slidefromleft gb-block-container\"><div class=\"gb-container-inside\"><div class=\"gb-container-content\" style=\"max-width:1200px\">\n<h2 class=\"has-text-align-center med has-theme-primary-color has-text-color wp-block-heading\">Kakovostna programska oprema<\/h2>\n\n\n\n<p class=\"has-text-align-center has-theme-primary-color has-text-color has-large-font-size\" id=\"block-299fb7fa-3748-4eea-bcd6-26e10632f9a3\">Smo zasebno podjetje. Odvisni smo od uporabnikov. Oni so na\u0161e vodilo in motivacija, da delamo dobro. Na\u0161a strast do ustvarjanja kakovostne programske opreme nas vodi k uporabi vedno novih tehnologij. Zavedamo se vpliva informacijske podpore na delo na\u0161ih uporabnikov, zato jim pomagamo. Z izbiro na\u0161e programske opreme dobite ve\u010d kot samo produkte, dobite na\u0161e podporo, na\u0161o strast in na\u0161e neprestano prizadevanje za izbolj\u0161anje uporabni\u0161ke izku\u0161nje.<\/p>\n<\/div><\/div><\/div>\n<\/div><\/div>\n<\/div><\/div><\/div>\n\n\n\n<div style=\"padding-bottom:20%;padding-top:20%;margin-top:20%\" class=\"wp-block-genesis-blocks-gb-container alignfull orodjevideo zgornjiborder-bc posevnoozadje gb-block-container\"><div class=\"gb-container-inside\"><div class=\"gb-container-content\">\n<div class=\"wp-block-media-text alignfull is-stacked-on-mobile slidefromright\"><figure class=\"wp-block-media-text__media\"><img loading=\"lazy\" decoding=\"async\" width=\"1000\" height=\"667\" src=\"https:\/\/www.soadoctor.eu\/wp-content\/uploads\/2021\/12\/paket-po-meri.jpeg\" alt=\"SOADOC\" class=\"wp-image-520 size-full\" srcset=\"https:\/\/www.soamed.eu\/wp-content\/uploads\/2021\/12\/paket-po-meri.jpeg 1000w, https:\/\/www.soamed.eu\/wp-content\/uploads\/2021\/12\/paket-po-meri-300x200.jpeg 300w, https:\/\/www.soamed.eu\/wp-content\/uploads\/2021\/12\/paket-po-meri-768x512.jpeg 768w, https:\/\/www.soamed.eu\/wp-content\/uploads\/2021\/12\/paket-po-meri-600x400.jpeg 600w\" sizes=\"(max-width: 1000px) 100vw, 1000px\" \/><\/figure><div class=\"wp-block-media-text__content\">\n<h2 class=\"med wp-block-heading\" id=\"block-94f3d9bd-4c9a-4d64-91b0-a401e525621c\">Uporabniki \u0161tejejo<\/h2>\n\n\n\n<p id=\"block-299fb7fa-3748-4eea-bcd6-26e10632f9a3\">Mi porabimo denar premi\u0161ljeno. Ve\u010d vlagamo v razvoj kot prodajo in marketing. Verjamemo, da bo zadovoljna stranka na\u0161 najbolj\u0161i prodajalec.<\/p>\n\n\n\n<h2 class=\"med wp-block-heading\">Va\u0161a zasebnost \u0161teje<\/h2>\n\n\n\n<p>Varovanje zasebnosti uporabnikov in podatkov nam zelo veliko pomeni. To je del na\u0161ih vrednot in temu sledimo na vseh korakih delovanja podjetja.<\/p>\n<\/div><\/div>\n<\/div><\/div><\/div>\n\n\n\n<div style=\"margin-top:20%;margin-bottom:20%\" class=\"wp-block-genesis-blocks-gb-container alignwide gb-block-container\"><div class=\"gb-container-inside\"><div class=\"gb-container-content\">\n<div class=\"wp-block-genesis-blocks-gb-columns slidefromleft gb-layout-columns-2 gb-2-col-equal\" style=\"padding-bottom:10%\"><div class=\"gb-layout-column-wrap gb-block-layout-column-gap-2 gb-is-responsive-column\">\n<div class=\"wp-block-genesis-blocks-gb-column gb-block-layout-column\"><div class=\"gb-block-layout-column-inner\">\n<h2 class=\"med wp-block-heading\">Vrednote nam veliko pomenijo<\/h2>\n<\/div><\/div>\n\n\n\n<div class=\"wp-block-genesis-blocks-gb-column gb-block-layout-column\"><div class=\"gb-block-layout-column-inner\">\n<p>Vrednot se najbolj zavedamo, ko jih za\u010dne primanjkovati. Ni vseeno kaj po\u010dnemo. \u017delimo delati dobro za ljudi in dobro za dru\u017ebo. V na\u0161em podjetju smo se specializirali za podro\u010dje medicine dela, prometa in \u0161porta in na tem podro\u010dju \u017eelimo nuditi vsem na\u0161im uporabnikom kakovostne storitve. Na\u0161e naloga je, da nudimo zdravstvenim izvajalcem kar najbolj\u0161o informacijsko podporo in podporo pri organizaciji dela, da se bodo primarno osredoto\u010dali na zdravstvene obravnave, to kar radi po\u010dnejo, da bodo njihovi pacienti dobili kar najbolj\u0161e zdravstvene storitve.<\/p>\n<\/div><\/div>\n<\/div><\/div>\n<\/div><\/div><\/div>\n\n\n\n<div style=\"margin-top:10%;margin-bottom:20%\" class=\"wp-block-genesis-blocks-gb-container alignfull podjetje nomarginmob gb-block-container\"><div class=\"gb-container-inside\"><div class=\"gb-container-content\">\n<div class=\"wp-block-cover alignfull is-light slidefromright\"><span aria-hidden=\"true\" class=\"wp-block-cover__background has-background-dim-0 has-background-dim\" style=\"background-color:#ffffff\"><\/span><img loading=\"lazy\" decoding=\"async\" width=\"2000\" height=\"1108\" class=\"wp-block-cover__image-background wp-image-666\" alt=\"\" src=\"https:\/\/www.soadoctor.eu\/wp-content\/uploads\/2021\/12\/medicina.jpeg\" data-object-fit=\"cover\" srcset=\"https:\/\/www.soamed.eu\/wp-content\/uploads\/2021\/12\/medicina.jpeg 2000w, https:\/\/www.soamed.eu\/wp-content\/uploads\/2021\/12\/medicina-300x166.jpeg 300w, https:\/\/www.soamed.eu\/wp-content\/uploads\/2021\/12\/medicina-1024x567.jpeg 1024w, https:\/\/www.soamed.eu\/wp-content\/uploads\/2021\/12\/medicina-768x425.jpeg 768w, https:\/\/www.soamed.eu\/wp-content\/uploads\/2021\/12\/medicina-1536x851.jpeg 1536w\" sizes=\"(max-width: 2000px) 100vw, 2000px\" \/><div class=\"wp-block-cover__inner-container is-layout-flow wp-block-cover-is-layout-flow\">\n<div class=\"wp-block-genesis-blocks-gb-columns gb-layout-columns-2 gb-2-col-wideleft alignfull\" style=\"padding-top:15%;padding-bottom:10%\"><div class=\"gb-layout-column-wrap gb-block-layout-column-gap-0 gb-is-responsive-column\">\n<div class=\"wp-block-genesis-blocks-gb-column gb-block-layout-column\"><div class=\"gb-block-layout-column-inner\">\n<p><\/p>\n\n\n\n<h2 class=\"has-text-align-left med has-theme-primary-color has-text-color wp-block-heading\">Kaj je na\u0161e poslanstvo?<\/h2>\n\n\n\n<blockquote class=\"wp-block-quote citatblue is-style-default is-layout-flow wp-block-quote-is-layout-flow\"><p>Vsak od nas pre\u017eivi na delovnem mestu pogosto ve\u010d \u010dasa kot v zasebnem \u017eivljenju. V tem \u010dasu smo delovno intenzivni in se sre\u010dujemo z razli\u010dnimi tveganji, kot so stres, po\u0161kodbe zaradi ponavljajo\u010dih gibov, razli\u010dne preobremenitve, preve\u010d sedenja itd. Na\u0161e poslanstvo je, da zdravstvene izvajalce podpiramo z vsemi potrebnimi informacijami, ki jih potrebujejo v danem trenutku, in procesno podporo, da so lahko ti kar najbolj u\u010dinkoviti pri skrbi za zdravje delovno aktivne populacije.<\/p><\/blockquote>\n<\/div><\/div>\n\n\n\n<div class=\"wp-block-genesis-blocks-gb-column ekran gb-block-layout-column\"><div class=\"gb-block-layout-column-inner\">\n<p><\/p>\n<\/div><\/div>\n<\/div><\/div>\n<\/div><\/div>\n\n\n\n<div class=\"wp-block-genesis-blocks-gb-columns gb-layout-columns-2 gb-2-col-wideright alignfull\"><div class=\"gb-layout-column-wrap gb-block-layout-column-gap-0 gb-is-responsive-column\">\n<div class=\"wp-block-genesis-blocks-gb-column gb-block-layout-column\"><div class=\"gb-block-layout-column-inner\">\n<p><\/p>\n<\/div><\/div>\n\n\n\n<div class=\"wp-block-genesis-blocks-gb-column ekran gb-block-layout-column\"><div class=\"gb-block-layout-column-inner\">\n<p><\/p>\n\n\n\n<h2 class=\"has-text-align-left med has-theme-primary-color has-text-color wp-block-heading\">Na\u0161a vizija je globalna<\/h2>\n\n\n\n<blockquote class=\"wp-block-quote citatblue is-style-default is-layout-flow wp-block-quote-is-layout-flow\"><p>Svet se globalizira. Dobre in u\u010dinkovite prakse se hitreje prena\u0161ajo med regijami. \u017delimo biti del najbolj\u0161ega, kar se ustvari kjerkoli na svetu. Na\u0161a vizija je delovati globalno in deliti pozitivne izku\u0161nje pri skrbi za zdravje zaposlenih na delovnih mestih.<\/p><\/blockquote>\n<\/div><\/div>\n<\/div><\/div>\n<\/div><\/div><\/div>\n\n\n\n<p><\/p>\n","protected":false},"excerpt":{"rendered":"","protected":false},"author":1,"featured_media":572,"parent":0,"menu_order":0,"comment_status":"closed","ping_status":"closed","template":"","meta":{"inline_featured_image":false,"_genesis_hide_title":true,"_genesis_hide_breadcrumbs":false,"_genesis_hide_singular_image":false,"_genesis_hide_footer_widgets":false,"_genesis_custom_body_class":"opodjetju","_genesis_custom_post_class":"","_genesis_layout":"full-width-content","footnotes":""},"class_list":{"0":"post-839","1":"page","2":"type-page","3":"status-publish","4":"has-post-thumbnail","6":"entry"},"yoast_head":"<!-- This site is optimized with the Yoast SEO plugin v23.3 - https:\/\/yoast.com\/wordpress\/plugins\/seo\/ -->\n<title>O podjetju - SOAMED<\/title>\n<meta name=\"description\" content=\"\u00bb\u017divimo na \u010dudovitem planetu, ki nas osre\u010duje in veliko daje, vendar le, \u010de smo zdravi. Na\u0161e poslanstvo je, da prispevamo del\u010dek v mozaiku za izbolj\u0161anje zdravja ljudi. Razmi\u0161ljamo pozitivno in se veselimo jutri\u0161njega dne.\u00ab\" \/>\n<meta name=\"robots\" content=\"index, follow, max-snippet:-1, max-image-preview:large, max-video-preview:-1\" \/>\n<link rel=\"canonical\" href=\"https:\/\/www.soamed.eu\/en\/o-podjetju\/\" \/>\n<meta property=\"og:locale\" content=\"en_US\" \/>\n<meta property=\"og:type\" content=\"article\" \/>\n<meta property=\"og:title\" content=\"O podjetju - SOAMED\" \/>\n<meta property=\"og:description\" content=\"\u00bb\u017divimo na \u010dudovitem planetu, ki nas osre\u010duje in veliko daje, vendar le, \u010de smo zdravi. Na\u0161e poslanstvo je, da prispevamo del\u010dek v mozaiku za izbolj\u0161anje zdravja ljudi. Razmi\u0161ljamo pozitivno in se veselimo jutri\u0161njega dne.\u00ab\" \/>\n<meta property=\"og:url\" content=\"https:\/\/www.soamed.eu\/en\/o-podjetju\/\" \/>\n<meta property=\"og:site_name\" content=\"SOAMED\" \/>\n<meta property=\"article:modified_time\" content=\"2022-06-02T14:06:07+00:00\" \/>\n<meta property=\"og:image\" content=\"https:\/\/www.soamed.eu\/wp-content\/uploads\/2021\/12\/soamed-o-podjetju.jpeg\" \/>\n\t<meta property=\"og:image:width\" content=\"1500\" \/>\n\t<meta property=\"og:image:height\" content=\"642\" \/>\n\t<meta property=\"og:image:type\" content=\"image\/jpeg\" \/>\n<meta name=\"twitter:card\" content=\"summary_large_image\" \/>\n<meta name=\"twitter:label1\" content=\"Est. reading time\" \/>\n\t<meta name=\"twitter:data1\" content=\"4 minutes\" \/>\n<script type=\"application\/ld+json\" class=\"yoast-schema-graph\">{\"@context\":\"https:\/\/schema.org\",\"@graph\":[{\"@type\":\"WebPage\",\"@id\":\"https:\/\/www.soamed.eu\/en\/o-podjetju\/\",\"url\":\"https:\/\/www.soamed.eu\/en\/o-podjetju\/\",\"name\":\"O podjetju - SOAMED\",\"isPartOf\":{\"@id\":\"https:\/\/www.soamed.eu\/en\/#website\"},\"primaryImageOfPage\":{\"@id\":\"https:\/\/www.soamed.eu\/en\/o-podjetju\/#primaryimage\"},\"image\":{\"@id\":\"https:\/\/www.soamed.eu\/en\/o-podjetju\/#primaryimage\"},\"thumbnailUrl\":\"https:\/\/www.soamed.eu\/wp-content\/uploads\/2021\/12\/soamed-o-podjetju.jpeg\",\"datePublished\":\"2021-11-17T14:01:13+00:00\",\"dateModified\":\"2022-06-02T14:06:07+00:00\",\"description\":\"\u00bb\u017divimo na \u010dudovitem planetu, ki nas osre\u010duje in veliko daje, vendar le, \u010de smo zdravi. Na\u0161e poslanstvo je, da prispevamo del\u010dek v mozaiku za izbolj\u0161anje zdravja ljudi. Razmi\u0161ljamo pozitivno in se veselimo jutri\u0161njega dne.\u00ab\",\"breadcrumb\":{\"@id\":\"https:\/\/www.soamed.eu\/en\/o-podjetju\/#breadcrumb\"},\"inLanguage\":\"en-US\",\"potentialAction\":[{\"@type\":\"ReadAction\",\"target\":[\"https:\/\/www.soamed.eu\/en\/o-podjetju\/\"]}]},{\"@type\":\"ImageObject\",\"inLanguage\":\"en-US\",\"@id\":\"https:\/\/www.soamed.eu\/en\/o-podjetju\/#primaryimage\",\"url\":\"https:\/\/www.soamed.eu\/wp-content\/uploads\/2021\/12\/soamed-o-podjetju.jpeg\",\"contentUrl\":\"https:\/\/www.soamed.eu\/wp-content\/uploads\/2021\/12\/soamed-o-podjetju.jpeg\",\"width\":1500,\"height\":642,\"caption\":\"SOAMED prijazno podjetje\"},{\"@type\":\"BreadcrumbList\",\"@id\":\"https:\/\/www.soamed.eu\/en\/o-podjetju\/#breadcrumb\",\"itemListElement\":[{\"@type\":\"ListItem\",\"position\":1,\"name\":\"Domov\",\"item\":\"https:\/\/www.soamed.eu\/en\/\"},{\"@type\":\"ListItem\",\"position\":2,\"name\":\"O podjetju\"}]},{\"@type\":\"WebSite\",\"@id\":\"https:\/\/www.soamed.eu\/en\/#website\",\"url\":\"https:\/\/www.soamed.eu\/en\/\",\"name\":\"SOAMED\",\"description\":\"Digitalizacija v zdravstvu je klju\u010d do u\u010dinkovitej\u0161ih, dostopnej\u0161ih in kakovostnej\u0161ih storitev za vse. Z inovativnimi re\u0161itvami izbolj\u0161ajmo izku\u0161nje tako pacientov kot zdravstvenih delavcev ter omogo\u010dimo bolj\u0161e in bolj osredoto\u010deno zdravstveno oskrbo.\",\"publisher\":{\"@id\":\"https:\/\/www.soamed.eu\/en\/#organization\"},\"potentialAction\":[{\"@type\":\"SearchAction\",\"target\":{\"@type\":\"EntryPoint\",\"urlTemplate\":\"https:\/\/www.soamed.eu\/en\/?s={search_term_string}\"},\"query-input\":\"required name=search_term_string\"}],\"inLanguage\":\"en-US\"},{\"@type\":\"Organization\",\"@id\":\"https:\/\/www.soamed.eu\/en\/#organization\",\"name\":\"SOADOCTOR\",\"url\":\"https:\/\/www.soamed.eu\/en\/\",\"logo\":{\"@type\":\"ImageObject\",\"inLanguage\":\"en-US\",\"@id\":\"https:\/\/www.soamed.eu\/en\/#\/schema\/logo\/image\/\",\"url\":\"https:\/\/www.soamed.eu\/wp-content\/uploads\/2021\/11\/cgp_soadoctor-slogan.svg\",\"contentUrl\":\"https:\/\/www.soamed.eu\/wp-content\/uploads\/2021\/11\/cgp_soadoctor-slogan.svg\",\"width\":\"1024\",\"height\":\"1024\",\"caption\":\"SOADOCTOR\"},\"image\":{\"@id\":\"https:\/\/www.soamed.eu\/en\/#\/schema\/logo\/image\/\"}}]}<\/script>\n<!-- \/ Yoast SEO plugin. -->","yoast_head_json":{"title":"O podjetju - SOAMED","description":"\u00bb\u017divimo na \u010dudovitem planetu, ki nas osre\u010duje in veliko daje, vendar le, \u010de smo zdravi. Na\u0161e poslanstvo je, da prispevamo del\u010dek v mozaiku za izbolj\u0161anje zdravja ljudi. Razmi\u0161ljamo pozitivno in se veselimo jutri\u0161njega dne.\u00ab","robots":{"index":"index","follow":"follow","max-snippet":"max-snippet:-1","max-image-preview":"max-image-preview:large","max-video-preview":"max-video-preview:-1"},"canonical":"https:\/\/www.soamed.eu\/en\/o-podjetju\/","og_locale":"en_US","og_type":"article","og_title":"O podjetju - SOAMED","og_description":"\u00bb\u017divimo na \u010dudovitem planetu, ki nas osre\u010duje in veliko daje, vendar le, \u010de smo zdravi. Na\u0161e poslanstvo je, da prispevamo del\u010dek v mozaiku za izbolj\u0161anje zdravja ljudi. Razmi\u0161ljamo pozitivno in se veselimo jutri\u0161njega dne.\u00ab","og_url":"https:\/\/www.soamed.eu\/en\/o-podjetju\/","og_site_name":"SOAMED","article_modified_time":"2022-06-02T14:06:07+00:00","og_image":[{"width":1500,"height":642,"url":"https:\/\/www.soamed.eu\/wp-content\/uploads\/2021\/12\/soamed-o-podjetju.jpeg","type":"image\/jpeg"}],"twitter_card":"summary_large_image","twitter_misc":{"Est. reading time":"4 minutes"},"schema":{"@context":"https:\/\/schema.org","@graph":[{"@type":"WebPage","@id":"https:\/\/www.soamed.eu\/en\/o-podjetju\/","url":"https:\/\/www.soamed.eu\/en\/o-podjetju\/","name":"O podjetju - SOAMED","isPartOf":{"@id":"https:\/\/www.soamed.eu\/en\/#website"},"primaryImageOfPage":{"@id":"https:\/\/www.soamed.eu\/en\/o-podjetju\/#primaryimage"},"image":{"@id":"https:\/\/www.soamed.eu\/en\/o-podjetju\/#primaryimage"},"thumbnailUrl":"https:\/\/www.soamed.eu\/wp-content\/uploads\/2021\/12\/soamed-o-podjetju.jpeg","datePublished":"2021-11-17T14:01:13+00:00","dateModified":"2022-06-02T14:06:07+00:00","description":"\u00bb\u017divimo na \u010dudovitem planetu, ki nas osre\u010duje in veliko daje, vendar le, \u010de smo zdravi. Na\u0161e poslanstvo je, da prispevamo del\u010dek v mozaiku za izbolj\u0161anje zdravja ljudi. Razmi\u0161ljamo pozitivno in se veselimo jutri\u0161njega dne.\u00ab","breadcrumb":{"@id":"https:\/\/www.soamed.eu\/en\/o-podjetju\/#breadcrumb"},"inLanguage":"en-US","potentialAction":[{"@type":"ReadAction","target":["https:\/\/www.soamed.eu\/en\/o-podjetju\/"]}]},{"@type":"ImageObject","inLanguage":"en-US","@id":"https:\/\/www.soamed.eu\/en\/o-podjetju\/#primaryimage","url":"https:\/\/www.soamed.eu\/wp-content\/uploads\/2021\/12\/soamed-o-podjetju.jpeg","contentUrl":"https:\/\/www.soamed.eu\/wp-content\/uploads\/2021\/12\/soamed-o-podjetju.jpeg","width":1500,"height":642,"caption":"SOAMED prijazno podjetje"},{"@type":"BreadcrumbList","@id":"https:\/\/www.soamed.eu\/en\/o-podjetju\/#breadcrumb","itemListElement":[{"@type":"ListItem","position":1,"name":"Domov","item":"https:\/\/www.soamed.eu\/en\/"},{"@type":"ListItem","position":2,"name":"O podjetju"}]},{"@type":"WebSite","@id":"https:\/\/www.soamed.eu\/en\/#website","url":"https:\/\/www.soamed.eu\/en\/","name":"SOAMED","description":"Digitalizacija v zdravstvu je klju\u010d do u\u010dinkovitej\u0161ih, dostopnej\u0161ih in kakovostnej\u0161ih storitev za vse. Z inovativnimi re\u0161itvami izbolj\u0161ajmo izku\u0161nje tako pacientov kot zdravstvenih delavcev ter omogo\u010dimo bolj\u0161e in bolj osredoto\u010deno zdravstveno oskrbo.","publisher":{"@id":"https:\/\/www.soamed.eu\/en\/#organization"},"potentialAction":[{"@type":"SearchAction","target":{"@type":"EntryPoint","urlTemplate":"https:\/\/www.soamed.eu\/en\/?s={search_term_string}"},"query-input":"required name=search_term_string"}],"inLanguage":"en-US"},{"@type":"Organization","@id":"https:\/\/www.soamed.eu\/en\/#organization","name":"SOADOCTOR","url":"https:\/\/www.soamed.eu\/en\/","logo":{"@type":"ImageObject","inLanguage":"en-US","@id":"https:\/\/www.soamed.eu\/en\/#\/schema\/logo\/image\/","url":"https:\/\/www.soamed.eu\/wp-content\/uploads\/2021\/11\/cgp_soadoctor-slogan.svg","contentUrl":"https:\/\/www.soamed.eu\/wp-content\/uploads\/2021\/11\/cgp_soadoctor-slogan.svg","width":"1024","height":"1024","caption":"SOADOCTOR"},"image":{"@id":"https:\/\/www.soamed.eu\/en\/#\/schema\/logo\/image\/"}}]}},"featured_image_src":"https:\/\/www.soamed.eu\/wp-content\/uploads\/2021\/12\/soamed-o-podjetju-600x400.jpeg","featured_image_src_square":"https:\/\/www.soamed.eu\/wp-content\/uploads\/2021\/12\/soamed-o-podjetju-600x600.jpeg","_links":{"self":[{"href":"https:\/\/www.soamed.eu\/en\/wp-json\/wp\/v2\/pages\/839"}],"collection":[{"href":"https:\/\/www.soamed.eu\/en\/wp-json\/wp\/v2\/pages"}],"about":[{"href":"https:\/\/www.soamed.eu\/en\/wp-json\/wp\/v2\/types\/page"}],"author":[{"embeddable":true,"href":"https:\/\/www.soamed.eu\/en\/wp-json\/wp\/v2\/users\/1"}],"replies":[{"embeddable":true,"href":"https:\/\/www.soamed.eu\/en\/wp-json\/wp\/v2\/comments?post=839"}],"version-history":[{"count":3,"href":"https:\/\/www.soamed.eu\/en\/wp-json\/wp\/v2\/pages\/839\/revisions"}],"predecessor-version":[{"id":1212,"href":"https:\/\/www.soamed.eu\/en\/wp-json\/wp\/v2\/pages\/839\/revisions\/1212"}],"wp:featuredmedia":[{"embeddable":true,"href":"https:\/\/www.soamed.eu\/en\/wp-json\/wp\/v2\/media\/572"}],"wp:attachment":[{"href":"https:\/\/www.soamed.eu\/en\/wp-json\/wp\/v2\/media?parent=839"}],"curies":[{"name":"wp","href":"https:\/\/api.w.org\/{rel}","templated":true}]}}