{"id":838,"date":"2021-11-17T15:18:00","date_gmt":"2021-11-17T14:18:00","guid":{"rendered":"https:\/\/www.soadoctor.eu\/kontakt\/"},"modified":"2024-09-04T09:21:21","modified_gmt":"2024-09-04T07:21:21","slug":"kontakt","status":"publish","type":"page","link":"https:\/\/www.soamed.eu\/en\/kontakt\/","title":{"rendered":"Kontakt"},"content":{"rendered":"\n<div style=\"padding-left:5%;padding-right:5%\" class=\"wp-block-genesis-blocks-gb-container alignfull gb-block-container\"><div class=\"gb-container-inside\"><div class=\"gb-container-content\">\n<h2 class=\"wp-block-heading has-text-align-center\">Kako vam lahko pomagamo?<\/h2>\n\n\n\n<p class=\"has-text-align-center\">Po\u0161ljite nam sporo\u010dilo in pomagamo vam v najkraj\u0161em mo\u017enem \u010dasu.<\/p>\n<\/div><\/div><\/div>\n\n\n\n<div style=\"padding-left:5%;padding-right:5%\" class=\"wp-block-genesis-blocks-gb-container alignfull kontakt gb-block-container\"><div class=\"gb-container-inside\"><div class=\"gb-container-content\">\n<div class=\"wp-block-genesis-blocks-gb-columns gb-layout-columns-2 gb-2-col-equal alignfull\"><div class=\"gb-layout-column-wrap gb-block-layout-column-gap-1 gb-is-responsive-column\">\n<div class=\"wp-block-genesis-blocks-gb-column slidefromright gb-block-layout-column\"><div class=\"gb-block-layout-column-inner has-theme-primary-background-color\" style=\"padding-top:3em;padding-right:2em;padding-bottom:2em;padding-left:2em\">\n<p class=\"nadnaslov has-text-color\" style=\"color:#ffffff\">Pi\u0161ite nam<\/p>\n\n\n\n<div class=\"wp-block-contact-form-7-contact-form-selector\">\n<div class=\"wpcf7 no-js\" id=\"wpcf7-f210-o1\" lang=\"sl-SI\" dir=\"ltr\">\n<div class=\"screen-reader-response\"><p role=\"status\" aria-live=\"polite\" aria-atomic=\"true\"><\/p> <ul><\/ul><\/div>\n<form action=\"\/en\/wp-json\/wp\/v2\/pages\/838#wpcf7-f210-o1\" method=\"post\" class=\"wpcf7-form init\" aria-label=\"Contact form\" novalidate=\"novalidate\" data-status=\"init\">\n<div style=\"display: none;\">\n<input type=\"hidden\" name=\"_wpcf7\" value=\"210\" \/>\n<input type=\"hidden\" name=\"_wpcf7_version\" value=\"5.9.8\" \/>\n<input type=\"hidden\" name=\"_wpcf7_locale\" value=\"sl_SI\" \/>\n<input type=\"hidden\" name=\"_wpcf7_unit_tag\" value=\"wpcf7-f210-o1\" \/>\n<input type=\"hidden\" name=\"_wpcf7_container_post\" value=\"0\" \/>\n<input type=\"hidden\" name=\"_wpcf7_posted_data_hash\" value=\"\" \/>\n<\/div>\n<p><label>Ime: <span class=\"wpcf7-form-control-wrap\" data-name=\"your-name\"><input size=\"40\" maxlength=\"400\" class=\"wpcf7-form-control wpcf7-text wpcf7-validates-as-required\" aria-required=\"true\" aria-invalid=\"false\" value=\"\" type=\"text\" name=\"your-name\" \/><\/span> <\/label>\n<\/p>\n<p><label>E-mail: <span class=\"wpcf7-form-control-wrap\" data-name=\"your-email\"><input size=\"40\" maxlength=\"400\" class=\"wpcf7-form-control wpcf7-email wpcf7-validates-as-required wpcf7-text wpcf7-validates-as-email\" aria-required=\"true\" aria-invalid=\"false\" value=\"\" type=\"email\" name=\"your-email\" \/><\/span> <\/label>\n<\/p>\n<p><label>Sporo\u010dilo: <span class=\"wpcf7-form-control-wrap\" data-name=\"your-message\"><textarea cols=\"40\" rows=\"10\" maxlength=\"2000\" class=\"wpcf7-form-control wpcf7-textarea\" aria-invalid=\"false\" name=\"your-message\"><\/textarea><\/span> <\/label>\n<\/p>\n<p><span class=\"wpcf7-form-control-wrap\" data-name=\"gdpr\"><span class=\"wpcf7-form-control wpcf7-acceptance\"><span class=\"wpcf7-list-item\"><label><input type=\"checkbox\" name=\"gdpr\" value=\"1\" aria-invalid=\"false\" \/><span class=\"wpcf7-list-item-label\">Strinjam se, da to spletno mesto hrani moje osebne podatke v skladu s Politiko zasebnosti, da bodo lahko odgovorili na moje sporo\u010dilo.<\/span><\/label><\/span><\/span><\/span><br \/>\n<span id=\"wpcf7-69e938f1f1730-wrapper\" class=\"wpcf7-form-control-wrap honeypot-533-wrap\" style=\"display:none !important; visibility:hidden !important;\"><label for=\"3425\" class=\"hp-message\">Please leave this field empty.<\/label><input id=\"3425\"  class=\"wpcf7-form-control wpcf7-text\" type=\"text\" name=\"honeypot-533\" value=\"\" size=\"40\" tabindex=\"-1\" autocomplete=\"new-password\" \/><\/span><br \/>\n<input class=\"wpcf7-form-control wpcf7-submit has-spinner\" type=\"submit\" value=\"Po\u0161lji\" \/>\n<\/p><div class=\"wpcf7-response-output\" aria-hidden=\"true\"><\/div>\n<\/form>\n<\/div>\n<\/div>\n\n\n\n<p><\/p>\n<\/div><\/div>\n\n\n\n<div class=\"wp-block-genesis-blocks-gb-column slidefromleft gb-block-layout-column\"><div class=\"gb-block-layout-column-inner has-theme-primary-background-color\" style=\"padding-top:3em;padding-right:2em;padding-bottom:2em;padding-left:2em\">\n<p class=\"nadnaslov has-text-color\" style=\"color:#ffffff\"><meta charset=\"utf-8\">Podatki o podjetju<\/p>\n\n\n\n<p class=\"has-text-color\" style=\"color:#ffffff\">info@soamed.eu<\/p>\n\n\n\n<p class=\"has-text-color\" style=\"color:#ffffff\">Telefon: 01 \/ 777 08 00<\/p>\n\n\n\n<p class=\"has-text-color\" style=\"color:#ffffff\">SOAMED d.o.o.<br>Dolenjska cesta 242C<br>1000 Ljubljana<\/p>\n<\/div><\/div>\n<\/div><\/div>\n<\/div><\/div><\/div>\n\n\n\n<p><\/p>\n","protected":false},"excerpt":{"rendered":"","protected":false},"author":1,"featured_media":569,"parent":0,"menu_order":0,"comment_status":"closed","ping_status":"closed","template":"","meta":{"inline_featured_image":false,"_genesis_hide_title":false,"_genesis_hide_breadcrumbs":false,"_genesis_hide_singular_image":false,"_genesis_hide_footer_widgets":false,"_genesis_custom_body_class":"","_genesis_custom_post_class":"","_genesis_layout":"full-width-content","footnotes":""},"class_list":{"0":"post-838","1":"page","2":"type-page","3":"status-publish","4":"has-post-thumbnail","6":"entry"},"yoast_head":"<!-- This site is optimized with the Yoast SEO plugin v23.3 - https:\/\/yoast.com\/wordpress\/plugins\/seo\/ -->\n<title>Kontakt - SOAMED<\/title>\n<meta name=\"description\" content=\"Digitalizacija v zdravstvu je klju\u010d do u\u010dinkovitej\u0161ih, dostopnej\u0161ih in kakovostnej\u0161ih storitev za vse. Z inovativnimi re\u0161itvami izbolj\u0161ajmo izku\u0161nje tako pacientov kot zdravstvenih delavcev ter omogo\u010dimo bolj\u0161e in bolj osredoto\u010deno zdravstveno oskrbo.\" \/>\n<meta name=\"robots\" content=\"index, follow, max-snippet:-1, max-image-preview:large, max-video-preview:-1\" \/>\n<link rel=\"canonical\" href=\"https:\/\/www.soamed.eu\/en\/kontakt\/\" \/>\n<meta property=\"og:locale\" content=\"en_US\" \/>\n<meta property=\"og:type\" content=\"article\" \/>\n<meta property=\"og:title\" content=\"Kontakt - SOAMED\" \/>\n<meta property=\"og:description\" content=\"Digitalizacija v zdravstvu je klju\u010d do u\u010dinkovitej\u0161ih, dostopnej\u0161ih in kakovostnej\u0161ih storitev za vse. Z inovativnimi re\u0161itvami izbolj\u0161ajmo izku\u0161nje tako pacientov kot zdravstvenih delavcev ter omogo\u010dimo bolj\u0161e in bolj osredoto\u010deno zdravstveno oskrbo.\" \/>\n<meta property=\"og:url\" content=\"https:\/\/www.soamed.eu\/en\/kontakt\/\" \/>\n<meta property=\"og:site_name\" content=\"SOAMED\" \/>\n<meta property=\"article:modified_time\" content=\"2024-09-04T07:21:21+00:00\" \/>\n<meta property=\"og:image\" content=\"https:\/\/www.soamed.eu\/wp-content\/uploads\/2021\/12\/prijazno-podjetje.jpeg\" \/>\n\t<meta property=\"og:image:width\" content=\"1000\" \/>\n\t<meta property=\"og:image:height\" content=\"563\" \/>\n\t<meta property=\"og:image:type\" content=\"image\/jpeg\" \/>\n<meta name=\"twitter:card\" content=\"summary_large_image\" \/>\n<meta name=\"twitter:label1\" content=\"Est. reading time\" \/>\n\t<meta name=\"twitter:data1\" content=\"1 minute\" \/>\n<script type=\"application\/ld+json\" class=\"yoast-schema-graph\">{\"@context\":\"https:\/\/schema.org\",\"@graph\":[{\"@type\":\"WebPage\",\"@id\":\"https:\/\/www.soamed.eu\/en\/kontakt\/\",\"url\":\"https:\/\/www.soamed.eu\/en\/kontakt\/\",\"name\":\"Kontakt - SOAMED\",\"isPartOf\":{\"@id\":\"https:\/\/www.soamed.eu\/en\/#website\"},\"primaryImageOfPage\":{\"@id\":\"https:\/\/www.soamed.eu\/en\/kontakt\/#primaryimage\"},\"image\":{\"@id\":\"https:\/\/www.soamed.eu\/en\/kontakt\/#primaryimage\"},\"thumbnailUrl\":\"https:\/\/www.soamed.eu\/wp-content\/uploads\/2021\/12\/prijazno-podjetje.jpeg\",\"datePublished\":\"2021-11-17T14:18:00+00:00\",\"dateModified\":\"2024-09-04T07:21:21+00:00\",\"description\":\"Digitalizacija v zdravstvu je klju\u010d do u\u010dinkovitej\u0161ih, dostopnej\u0161ih in kakovostnej\u0161ih storitev za vse. Z inovativnimi re\u0161itvami izbolj\u0161ajmo izku\u0161nje tako pacientov kot zdravstvenih delavcev ter omogo\u010dimo bolj\u0161e in bolj osredoto\u010deno zdravstveno oskrbo.\",\"breadcrumb\":{\"@id\":\"https:\/\/www.soamed.eu\/en\/kontakt\/#breadcrumb\"},\"inLanguage\":\"en-US\",\"potentialAction\":[{\"@type\":\"ReadAction\",\"target\":[\"https:\/\/www.soamed.eu\/en\/kontakt\/\"]}]},{\"@type\":\"ImageObject\",\"inLanguage\":\"en-US\",\"@id\":\"https:\/\/www.soamed.eu\/en\/kontakt\/#primaryimage\",\"url\":\"https:\/\/www.soamed.eu\/wp-content\/uploads\/2021\/12\/prijazno-podjetje.jpeg\",\"contentUrl\":\"https:\/\/www.soamed.eu\/wp-content\/uploads\/2021\/12\/prijazno-podjetje.jpeg\",\"width\":1000,\"height\":563,\"caption\":\"SOAMED prijazno podjetje\"},{\"@type\":\"BreadcrumbList\",\"@id\":\"https:\/\/www.soamed.eu\/en\/kontakt\/#breadcrumb\",\"itemListElement\":[{\"@type\":\"ListItem\",\"position\":1,\"name\":\"Domov\",\"item\":\"https:\/\/www.soamed.eu\/en\/\"},{\"@type\":\"ListItem\",\"position\":2,\"name\":\"Kontakt\"}]},{\"@type\":\"WebSite\",\"@id\":\"https:\/\/www.soamed.eu\/en\/#website\",\"url\":\"https:\/\/www.soamed.eu\/en\/\",\"name\":\"SOAMED\",\"description\":\"Digitalizacija v zdravstvu je klju\u010d do u\u010dinkovitej\u0161ih, dostopnej\u0161ih in kakovostnej\u0161ih storitev za vse. Z inovativnimi re\u0161itvami izbolj\u0161ajmo izku\u0161nje tako pacientov kot zdravstvenih delavcev ter omogo\u010dimo bolj\u0161e in bolj osredoto\u010deno zdravstveno oskrbo.\",\"publisher\":{\"@id\":\"https:\/\/www.soamed.eu\/en\/#organization\"},\"potentialAction\":[{\"@type\":\"SearchAction\",\"target\":{\"@type\":\"EntryPoint\",\"urlTemplate\":\"https:\/\/www.soamed.eu\/en\/?s={search_term_string}\"},\"query-input\":\"required name=search_term_string\"}],\"inLanguage\":\"en-US\"},{\"@type\":\"Organization\",\"@id\":\"https:\/\/www.soamed.eu\/en\/#organization\",\"name\":\"SOADOCTOR\",\"url\":\"https:\/\/www.soamed.eu\/en\/\",\"logo\":{\"@type\":\"ImageObject\",\"inLanguage\":\"en-US\",\"@id\":\"https:\/\/www.soamed.eu\/en\/#\/schema\/logo\/image\/\",\"url\":\"https:\/\/www.soamed.eu\/wp-content\/uploads\/2021\/11\/cgp_soadoctor-slogan.svg\",\"contentUrl\":\"https:\/\/www.soamed.eu\/wp-content\/uploads\/2021\/11\/cgp_soadoctor-slogan.svg\",\"width\":\"1024\",\"height\":\"1024\",\"caption\":\"SOADOCTOR\"},\"image\":{\"@id\":\"https:\/\/www.soamed.eu\/en\/#\/schema\/logo\/image\/\"}}]}<\/script>\n<!-- \/ Yoast SEO plugin. -->","yoast_head_json":{"title":"Kontakt - SOAMED","description":"Digitalizacija v zdravstvu je klju\u010d do u\u010dinkovitej\u0161ih, dostopnej\u0161ih in kakovostnej\u0161ih storitev za vse. Z inovativnimi re\u0161itvami izbolj\u0161ajmo izku\u0161nje tako pacientov kot zdravstvenih delavcev ter omogo\u010dimo bolj\u0161e in bolj osredoto\u010deno zdravstveno oskrbo.","robots":{"index":"index","follow":"follow","max-snippet":"max-snippet:-1","max-image-preview":"max-image-preview:large","max-video-preview":"max-video-preview:-1"},"canonical":"https:\/\/www.soamed.eu\/en\/kontakt\/","og_locale":"en_US","og_type":"article","og_title":"Kontakt - SOAMED","og_description":"Digitalizacija v zdravstvu je klju\u010d do u\u010dinkovitej\u0161ih, dostopnej\u0161ih in kakovostnej\u0161ih storitev za vse. Z inovativnimi re\u0161itvami izbolj\u0161ajmo izku\u0161nje tako pacientov kot zdravstvenih delavcev ter omogo\u010dimo bolj\u0161e in bolj osredoto\u010deno zdravstveno oskrbo.","og_url":"https:\/\/www.soamed.eu\/en\/kontakt\/","og_site_name":"SOAMED","article_modified_time":"2024-09-04T07:21:21+00:00","og_image":[{"width":1000,"height":563,"url":"https:\/\/www.soamed.eu\/wp-content\/uploads\/2021\/12\/prijazno-podjetje.jpeg","type":"image\/jpeg"}],"twitter_card":"summary_large_image","twitter_misc":{"Est. reading time":"1 minute"},"schema":{"@context":"https:\/\/schema.org","@graph":[{"@type":"WebPage","@id":"https:\/\/www.soamed.eu\/en\/kontakt\/","url":"https:\/\/www.soamed.eu\/en\/kontakt\/","name":"Kontakt - SOAMED","isPartOf":{"@id":"https:\/\/www.soamed.eu\/en\/#website"},"primaryImageOfPage":{"@id":"https:\/\/www.soamed.eu\/en\/kontakt\/#primaryimage"},"image":{"@id":"https:\/\/www.soamed.eu\/en\/kontakt\/#primaryimage"},"thumbnailUrl":"https:\/\/www.soamed.eu\/wp-content\/uploads\/2021\/12\/prijazno-podjetje.jpeg","datePublished":"2021-11-17T14:18:00+00:00","dateModified":"2024-09-04T07:21:21+00:00","description":"Digitalizacija v zdravstvu je klju\u010d do u\u010dinkovitej\u0161ih, dostopnej\u0161ih in kakovostnej\u0161ih storitev za vse. Z inovativnimi re\u0161itvami izbolj\u0161ajmo izku\u0161nje tako pacientov kot zdravstvenih delavcev ter omogo\u010dimo bolj\u0161e in bolj osredoto\u010deno zdravstveno oskrbo.","breadcrumb":{"@id":"https:\/\/www.soamed.eu\/en\/kontakt\/#breadcrumb"},"inLanguage":"en-US","potentialAction":[{"@type":"ReadAction","target":["https:\/\/www.soamed.eu\/en\/kontakt\/"]}]},{"@type":"ImageObject","inLanguage":"en-US","@id":"https:\/\/www.soamed.eu\/en\/kontakt\/#primaryimage","url":"https:\/\/www.soamed.eu\/wp-content\/uploads\/2021\/12\/prijazno-podjetje.jpeg","contentUrl":"https:\/\/www.soamed.eu\/wp-content\/uploads\/2021\/12\/prijazno-podjetje.jpeg","width":1000,"height":563,"caption":"SOAMED prijazno podjetje"},{"@type":"BreadcrumbList","@id":"https:\/\/www.soamed.eu\/en\/kontakt\/#breadcrumb","itemListElement":[{"@type":"ListItem","position":1,"name":"Domov","item":"https:\/\/www.soamed.eu\/en\/"},{"@type":"ListItem","position":2,"name":"Kontakt"}]},{"@type":"WebSite","@id":"https:\/\/www.soamed.eu\/en\/#website","url":"https:\/\/www.soamed.eu\/en\/","name":"SOAMED","description":"Digitalizacija v zdravstvu je klju\u010d do u\u010dinkovitej\u0161ih, dostopnej\u0161ih in kakovostnej\u0161ih storitev za vse. Z inovativnimi re\u0161itvami izbolj\u0161ajmo izku\u0161nje tako pacientov kot zdravstvenih delavcev ter omogo\u010dimo bolj\u0161e in bolj osredoto\u010deno zdravstveno oskrbo.","publisher":{"@id":"https:\/\/www.soamed.eu\/en\/#organization"},"potentialAction":[{"@type":"SearchAction","target":{"@type":"EntryPoint","urlTemplate":"https:\/\/www.soamed.eu\/en\/?s={search_term_string}"},"query-input":"required name=search_term_string"}],"inLanguage":"en-US"},{"@type":"Organization","@id":"https:\/\/www.soamed.eu\/en\/#organization","name":"SOADOCTOR","url":"https:\/\/www.soamed.eu\/en\/","logo":{"@type":"ImageObject","inLanguage":"en-US","@id":"https:\/\/www.soamed.eu\/en\/#\/schema\/logo\/image\/","url":"https:\/\/www.soamed.eu\/wp-content\/uploads\/2021\/11\/cgp_soadoctor-slogan.svg","contentUrl":"https:\/\/www.soamed.eu\/wp-content\/uploads\/2021\/11\/cgp_soadoctor-slogan.svg","width":"1024","height":"1024","caption":"SOADOCTOR"},"image":{"@id":"https:\/\/www.soamed.eu\/en\/#\/schema\/logo\/image\/"}}]}},"featured_image_src":"https:\/\/www.soamed.eu\/wp-content\/uploads\/2021\/12\/prijazno-podjetje-600x400.jpeg","featured_image_src_square":"https:\/\/www.soamed.eu\/wp-content\/uploads\/2021\/12\/prijazno-podjetje-600x563.jpeg","_links":{"self":[{"href":"https:\/\/www.soamed.eu\/en\/wp-json\/wp\/v2\/pages\/838"}],"collection":[{"href":"https:\/\/www.soamed.eu\/en\/wp-json\/wp\/v2\/pages"}],"about":[{"href":"https:\/\/www.soamed.eu\/en\/wp-json\/wp\/v2\/types\/page"}],"author":[{"embeddable":true,"href":"https:\/\/www.soamed.eu\/en\/wp-json\/wp\/v2\/users\/1"}],"replies":[{"embeddable":true,"href":"https:\/\/www.soamed.eu\/en\/wp-json\/wp\/v2\/comments?post=838"}],"version-history":[{"count":7,"href":"https:\/\/www.soamed.eu\/en\/wp-json\/wp\/v2\/pages\/838\/revisions"}],"predecessor-version":[{"id":1358,"href":"https:\/\/www.soamed.eu\/en\/wp-json\/wp\/v2\/pages\/838\/revisions\/1358"}],"wp:featuredmedia":[{"embeddable":true,"href":"https:\/\/www.soamed.eu\/en\/wp-json\/wp\/v2\/media\/569"}],"wp:attachment":[{"href":"https:\/\/www.soamed.eu\/en\/wp-json\/wp\/v2\/media?parent=838"}],"curies":[{"name":"wp","href":"https:\/\/api.w.org\/{rel}","templated":true}]}}