{"id":17,"date":"2021-11-15T15:18:03","date_gmt":"2021-11-15T14:18:03","guid":{"rendered":"https:\/\/www.soadoctor.eu\/test\/"},"modified":"2024-09-02T10:57:53","modified_gmt":"2024-09-02T08:57:53","slug":"homesoon","status":"publish","type":"page","link":"https:\/\/www.soamed.eu\/en\/","title":{"rendered":"Home"},"content":{"rendered":"\n<div class=\"wp-block-genesis-blocks-gb-container alignfull homebanner gb-block-container\"><div class=\"gb-container-inside\"><div class=\"gb-container-content\">\n<div class=\"wp-block-cover alignfull is-light\" style=\"min-height:70vh;aspect-ratio:unset;\"><span aria-hidden=\"true\" class=\"wp-block-cover__background has-background-dim-0 has-background-dim\" style=\"background-color:#ffffff\"><\/span><img loading=\"lazy\" decoding=\"async\" width=\"2000\" height=\"1333\" class=\"wp-block-cover__image-background wp-image-1347\" alt=\"\" src=\"https:\/\/www.soamed.eu\/wp-content\/uploads\/2024\/08\/ozadje.jpg\" data-object-fit=\"cover\" srcset=\"https:\/\/www.soamed.eu\/wp-content\/uploads\/2024\/08\/ozadje.jpg 2000w, https:\/\/www.soamed.eu\/wp-content\/uploads\/2024\/08\/ozadje-300x200.jpg 300w, https:\/\/www.soamed.eu\/wp-content\/uploads\/2024\/08\/ozadje-1024x682.jpg 1024w, https:\/\/www.soamed.eu\/wp-content\/uploads\/2024\/08\/ozadje-768x512.jpg 768w, https:\/\/www.soamed.eu\/wp-content\/uploads\/2024\/08\/ozadje-1536x1024.jpg 1536w, https:\/\/www.soamed.eu\/wp-content\/uploads\/2024\/08\/ozadje-600x400.jpg 600w\" sizes=\"(max-width: 2000px) 100vw, 2000px\" \/><div class=\"wp-block-cover__inner-container is-layout-flow wp-block-cover-is-layout-flow\">\n<p class=\"has-text-align-center has-large-font-size\"><\/p>\n\n\n\n<h2 class=\"wp-block-heading skrij\">SOADOCTOR<\/h2>\n\n\n\n<div class=\"wp-block-genesis-blocks-gb-columns gb-layout-columns-2 gb-2-col-equal\" style=\"padding-right:5%;padding-left:5%\"><div class=\"gb-layout-column-wrap gb-block-layout-column-gap-2 gb-is-responsive-column\">\n<div class=\"wp-block-genesis-blocks-gb-column slidefromright gb-block-layout-column\"><div class=\"gb-block-layout-column-inner\">\n<figure class=\"wp-block-image alignfull size-full homelogo\"><img decoding=\"async\" src=\"https:\/\/www.soamed.eu\/wp-content\/uploads\/2024\/08\/soamed-osnovnii.svg\" alt=\"\" class=\"wp-image-1334\"\/><\/figure>\n\n\n\n<div style=\"color:#3373dc\" class=\"wp-block-genesis-blocks-gb-spacer gb-block-spacer gb-divider-solid gb-divider-size-1\"><hr style=\"height:9px\"\/><\/div>\n\n\n\n<h2 class=\"wp-block-heading has-text-align-center has-theme-primary-color has-text-color\">Coming Soon<\/h2>\n\n\n\n<div style=\"color:#3373dc\" class=\"wp-block-genesis-blocks-gb-spacer gb-block-spacer gb-divider-solid gb-divider-size-1\"><hr style=\"height:9px\"\/><\/div>\n\n\n\n<div class=\"wp-block-buttons gumbibanner is-layout-flex wp-block-buttons-is-layout-flex\"><\/div>\n\n\n\n<p><\/p>\n<\/div><\/div>\n\n\n\n<div class=\"wp-block-genesis-blocks-gb-column gb-block-layout-column\"><div class=\"gb-block-layout-column-inner\">\n<p><\/p>\n<\/div><\/div>\n<\/div><\/div>\n<\/div><\/div>\n<\/div><\/div><\/div>\n","protected":false},"excerpt":{"rendered":"","protected":false},"author":1,"featured_media":100,"parent":0,"menu_order":0,"comment_status":"closed","ping_status":"closed","template":"","meta":{"inline_featured_image":false,"_genesis_hide_title":true,"_genesis_hide_breadcrumbs":true,"_genesis_hide_singular_image":true,"_genesis_hide_footer_widgets":true,"_genesis_custom_body_class":"","_genesis_custom_post_class":"","_genesis_layout":"full-width-content","footnotes":""},"class_list":{"0":"post-17","1":"page","2":"type-page","3":"status-publish","4":"has-post-thumbnail","6":"entry"},"yoast_head":"<!-- This site is optimized with the Yoast SEO plugin v23.3 - https:\/\/yoast.com\/wordpress\/plugins\/seo\/ -->\n<title>Home - SOAMED<\/title>\n<meta name=\"description\" content=\"Coming Soon\" \/>\n<meta name=\"robots\" content=\"index, follow, max-snippet:-1, max-image-preview:large, max-video-preview:-1\" \/>\n<link rel=\"canonical\" href=\"https:\/\/www.soamed.eu\/en\/\" \/>\n<meta property=\"og:locale\" content=\"en_US\" \/>\n<meta property=\"og:type\" content=\"article\" \/>\n<meta property=\"og:title\" content=\"Home - SOAMED\" \/>\n<meta property=\"og:description\" content=\"Coming Soon\" \/>\n<meta property=\"og:url\" content=\"https:\/\/www.soamed.eu\/en\/\" \/>\n<meta property=\"og:site_name\" content=\"SOAMED\" \/>\n<meta property=\"article:modified_time\" content=\"2024-09-02T08:57:53+00:00\" \/>\n<meta property=\"og:image\" content=\"https:\/\/www.soamed.eu\/wp-content\/uploads\/2021\/11\/zdravje-na-delovnem-mestu-soadoc.jpeg\" \/>\n\t<meta property=\"og:image:width\" content=\"1500\" \/>\n\t<meta property=\"og:image:height\" content=\"489\" \/>\n\t<meta property=\"og:image:type\" content=\"image\/jpeg\" \/>\n<meta name=\"twitter:card\" content=\"summary_large_image\" \/>\n<meta name=\"twitter:label1\" content=\"Est. reading time\" \/>\n\t<meta name=\"twitter:data1\" content=\"1 minute\" \/>\n<script type=\"application\/ld+json\" class=\"yoast-schema-graph\">{\"@context\":\"https:\/\/schema.org\",\"@graph\":[{\"@type\":\"WebPage\",\"@id\":\"https:\/\/www.soamed.eu\/en\/\",\"url\":\"https:\/\/www.soamed.eu\/en\/\",\"name\":\"Home - SOAMED\",\"isPartOf\":{\"@id\":\"https:\/\/www.soamed.eu\/en\/#website\"},\"primaryImageOfPage\":{\"@id\":\"https:\/\/www.soamed.eu\/en\/#primaryimage\"},\"image\":{\"@id\":\"https:\/\/www.soamed.eu\/en\/#primaryimage\"},\"thumbnailUrl\":\"https:\/\/www.soamed.eu\/wp-content\/uploads\/2021\/11\/zdravje-na-delovnem-mestu-soadoc.jpeg\",\"datePublished\":\"2021-11-15T14:18:03+00:00\",\"dateModified\":\"2024-09-02T08:57:53+00:00\",\"description\":\"Coming Soon\",\"breadcrumb\":{\"@id\":\"https:\/\/www.soamed.eu\/en\/#breadcrumb\"},\"inLanguage\":\"en-US\",\"potentialAction\":[{\"@type\":\"ReadAction\",\"target\":[\"https:\/\/www.soamed.eu\/en\/\"]}]},{\"@type\":\"ImageObject\",\"inLanguage\":\"en-US\",\"@id\":\"https:\/\/www.soamed.eu\/en\/#primaryimage\",\"url\":\"https:\/\/www.soamed.eu\/wp-content\/uploads\/2021\/11\/zdravje-na-delovnem-mestu-soadoc.jpeg\",\"contentUrl\":\"https:\/\/www.soamed.eu\/wp-content\/uploads\/2021\/11\/zdravje-na-delovnem-mestu-soadoc.jpeg\",\"width\":1500,\"height\":489,\"caption\":\"SOADOCTOR - zdravje na delovnem mestu\"},{\"@type\":\"BreadcrumbList\",\"@id\":\"https:\/\/www.soamed.eu\/en\/#breadcrumb\",\"itemListElement\":[{\"@type\":\"ListItem\",\"position\":1,\"name\":\"Domov\",\"item\":\"https:\/\/www.soamed.eu\/en\/\"},{\"@type\":\"ListItem\",\"position\":2,\"name\":\"Home\"}]},{\"@type\":\"WebSite\",\"@id\":\"https:\/\/www.soamed.eu\/en\/#website\",\"url\":\"https:\/\/www.soamed.eu\/en\/\",\"name\":\"SOAMED\",\"description\":\"Digitalizacija v zdravstvu je klju\u010d do u\u010dinkovitej\u0161ih, dostopnej\u0161ih in kakovostnej\u0161ih storitev za vse. Z inovativnimi re\u0161itvami izbolj\u0161ajmo izku\u0161nje tako pacientov kot zdravstvenih delavcev ter omogo\u010dimo bolj\u0161e in bolj osredoto\u010deno zdravstveno oskrbo.\",\"publisher\":{\"@id\":\"https:\/\/www.soamed.eu\/en\/#organization\"},\"potentialAction\":[{\"@type\":\"SearchAction\",\"target\":{\"@type\":\"EntryPoint\",\"urlTemplate\":\"https:\/\/www.soamed.eu\/en\/?s={search_term_string}\"},\"query-input\":\"required name=search_term_string\"}],\"inLanguage\":\"en-US\"},{\"@type\":\"Organization\",\"@id\":\"https:\/\/www.soamed.eu\/en\/#organization\",\"name\":\"SOADOCTOR\",\"url\":\"https:\/\/www.soamed.eu\/en\/\",\"logo\":{\"@type\":\"ImageObject\",\"inLanguage\":\"en-US\",\"@id\":\"https:\/\/www.soamed.eu\/en\/#\/schema\/logo\/image\/\",\"url\":\"https:\/\/www.soamed.eu\/wp-content\/uploads\/2021\/11\/cgp_soadoctor-slogan.svg\",\"contentUrl\":\"https:\/\/www.soamed.eu\/wp-content\/uploads\/2021\/11\/cgp_soadoctor-slogan.svg\",\"width\":\"1024\",\"height\":\"1024\",\"caption\":\"SOADOCTOR\"},\"image\":{\"@id\":\"https:\/\/www.soamed.eu\/en\/#\/schema\/logo\/image\/\"}}]}<\/script>\n<!-- \/ Yoast SEO plugin. -->","yoast_head_json":{"title":"Home - SOAMED","description":"Coming Soon","robots":{"index":"index","follow":"follow","max-snippet":"max-snippet:-1","max-image-preview":"max-image-preview:large","max-video-preview":"max-video-preview:-1"},"canonical":"https:\/\/www.soamed.eu\/en\/","og_locale":"en_US","og_type":"article","og_title":"Home - SOAMED","og_description":"Coming Soon","og_url":"https:\/\/www.soamed.eu\/en\/","og_site_name":"SOAMED","article_modified_time":"2024-09-02T08:57:53+00:00","og_image":[{"width":1500,"height":489,"url":"https:\/\/www.soamed.eu\/wp-content\/uploads\/2021\/11\/zdravje-na-delovnem-mestu-soadoc.jpeg","type":"image\/jpeg"}],"twitter_card":"summary_large_image","twitter_misc":{"Est. reading time":"1 minute"},"schema":{"@context":"https:\/\/schema.org","@graph":[{"@type":"WebPage","@id":"https:\/\/www.soamed.eu\/en\/","url":"https:\/\/www.soamed.eu\/en\/","name":"Home - SOAMED","isPartOf":{"@id":"https:\/\/www.soamed.eu\/en\/#website"},"primaryImageOfPage":{"@id":"https:\/\/www.soamed.eu\/en\/#primaryimage"},"image":{"@id":"https:\/\/www.soamed.eu\/en\/#primaryimage"},"thumbnailUrl":"https:\/\/www.soamed.eu\/wp-content\/uploads\/2021\/11\/zdravje-na-delovnem-mestu-soadoc.jpeg","datePublished":"2021-11-15T14:18:03+00:00","dateModified":"2024-09-02T08:57:53+00:00","description":"Coming Soon","breadcrumb":{"@id":"https:\/\/www.soamed.eu\/en\/#breadcrumb"},"inLanguage":"en-US","potentialAction":[{"@type":"ReadAction","target":["https:\/\/www.soamed.eu\/en\/"]}]},{"@type":"ImageObject","inLanguage":"en-US","@id":"https:\/\/www.soamed.eu\/en\/#primaryimage","url":"https:\/\/www.soamed.eu\/wp-content\/uploads\/2021\/11\/zdravje-na-delovnem-mestu-soadoc.jpeg","contentUrl":"https:\/\/www.soamed.eu\/wp-content\/uploads\/2021\/11\/zdravje-na-delovnem-mestu-soadoc.jpeg","width":1500,"height":489,"caption":"SOADOCTOR - zdravje na delovnem mestu"},{"@type":"BreadcrumbList","@id":"https:\/\/www.soamed.eu\/en\/#breadcrumb","itemListElement":[{"@type":"ListItem","position":1,"name":"Domov","item":"https:\/\/www.soamed.eu\/en\/"},{"@type":"ListItem","position":2,"name":"Home"}]},{"@type":"WebSite","@id":"https:\/\/www.soamed.eu\/en\/#website","url":"https:\/\/www.soamed.eu\/en\/","name":"SOAMED","description":"Digitalizacija v zdravstvu je klju\u010d do u\u010dinkovitej\u0161ih, dostopnej\u0161ih in kakovostnej\u0161ih storitev za vse. Z inovativnimi re\u0161itvami izbolj\u0161ajmo izku\u0161nje tako pacientov kot zdravstvenih delavcev ter omogo\u010dimo bolj\u0161e in bolj osredoto\u010deno zdravstveno oskrbo.","publisher":{"@id":"https:\/\/www.soamed.eu\/en\/#organization"},"potentialAction":[{"@type":"SearchAction","target":{"@type":"EntryPoint","urlTemplate":"https:\/\/www.soamed.eu\/en\/?s={search_term_string}"},"query-input":"required name=search_term_string"}],"inLanguage":"en-US"},{"@type":"Organization","@id":"https:\/\/www.soamed.eu\/en\/#organization","name":"SOADOCTOR","url":"https:\/\/www.soamed.eu\/en\/","logo":{"@type":"ImageObject","inLanguage":"en-US","@id":"https:\/\/www.soamed.eu\/en\/#\/schema\/logo\/image\/","url":"https:\/\/www.soamed.eu\/wp-content\/uploads\/2021\/11\/cgp_soadoctor-slogan.svg","contentUrl":"https:\/\/www.soamed.eu\/wp-content\/uploads\/2021\/11\/cgp_soadoctor-slogan.svg","width":"1024","height":"1024","caption":"SOADOCTOR"},"image":{"@id":"https:\/\/www.soamed.eu\/en\/#\/schema\/logo\/image\/"}}]}},"featured_image_src":"https:\/\/www.soamed.eu\/wp-content\/uploads\/2021\/11\/zdravje-na-delovnem-mestu-soadoc-600x400.jpeg","featured_image_src_square":"https:\/\/www.soamed.eu\/wp-content\/uploads\/2021\/11\/zdravje-na-delovnem-mestu-soadoc-600x489.jpeg","_links":{"self":[{"href":"https:\/\/www.soamed.eu\/en\/wp-json\/wp\/v2\/pages\/17"}],"collection":[{"href":"https:\/\/www.soamed.eu\/en\/wp-json\/wp\/v2\/pages"}],"about":[{"href":"https:\/\/www.soamed.eu\/en\/wp-json\/wp\/v2\/types\/page"}],"author":[{"embeddable":true,"href":"https:\/\/www.soamed.eu\/en\/wp-json\/wp\/v2\/users\/1"}],"replies":[{"embeddable":true,"href":"https:\/\/www.soamed.eu\/en\/wp-json\/wp\/v2\/comments?post=17"}],"version-history":[{"count":106,"href":"https:\/\/www.soamed.eu\/en\/wp-json\/wp\/v2\/pages\/17\/revisions"}],"predecessor-version":[{"id":1355,"href":"https:\/\/www.soamed.eu\/en\/wp-json\/wp\/v2\/pages\/17\/revisions\/1355"}],"wp:featuredmedia":[{"embeddable":true,"href":"https:\/\/www.soamed.eu\/en\/wp-json\/wp\/v2\/media\/100"}],"wp:attachment":[{"href":"https:\/\/www.soamed.eu\/en\/wp-json\/wp\/v2\/media?parent=17"}],"curies":[{"name":"wp","href":"https:\/\/api.w.org\/{rel}","templated":true}]}}